{"id":55,"date":"2026-03-23T08:29:57","date_gmt":"2026-03-23T08:29:57","guid":{"rendered":"https:\/\/loupaca.com\/?page_id=55"},"modified":"2026-04-04T06:11:17","modified_gmt":"2026-04-04T06:11:17","slug":"sculptures-et-objets-ceramiques","status":"publish","type":"page","link":"https:\/\/loupaca.com\/index.php\/sculptures-et-objets-ceramiques\/","title":{"rendered":"C\u00e9ramiques \/ Ceramics"},"content":{"rendered":"\n<div class=\"wp-block-media-text is-stacked-on-mobile\" style=\"padding-top:var(--wp--preset--spacing--60)\"><figure class=\"wp-block-media-text__media\"><img loading=\"lazy\" decoding=\"async\" width=\"768\" height=\"1024\" src=\"https:\/\/loupaca.com\/wp-content\/uploads\/2026\/04\/IMG_9003-768x1024.jpg\" alt=\"\" class=\"wp-image-616 size-full\" srcset=\"https:\/\/loupaca.com\/wp-content\/uploads\/2026\/04\/IMG_9003-768x1024.jpg 768w, https:\/\/loupaca.com\/wp-content\/uploads\/2026\/04\/IMG_9003-225x300.jpg 225w, https:\/\/loupaca.com\/wp-content\/uploads\/2026\/04\/IMG_9003-1152x1536.jpg 1152w, https:\/\/loupaca.com\/wp-content\/uploads\/2026\/04\/IMG_9003-1536x2048.jpg 1536w, https:\/\/loupaca.com\/wp-content\/uploads\/2026\/04\/IMG_9003-scaled.jpg 1920w\" sizes=\"auto, (max-width: 768px) 100vw, 768px\" \/><\/figure><div class=\"wp-block-media-text__content\">\n<p class=\"has-medium-font-size\"><strong>Lampe \u00c9l\u00e9phant<\/strong> (2025)<\/p>\n\n\n\n<p class=\"has-medium-font-size\">Lampe en c\u00e9ramique au modelage instinctif. Ses volumes distordus s&#8217;\u00e9loignent du r\u00e9alisme pour proposer une vision onirique de l&#8217;animal. La\u00a0peinture acrylique noire\u00a0vient souligner les asp\u00e9rit\u00e9s de la terre et accentuer sa silhouette singuli\u00e8re. Agr\u00e9ment\u00e9e d&#8217;un \u0153il en verre au regard fixe et de dents de phacoch\u00e8re en guise de d\u00e9fenses, la pi\u00e8ce est surmont\u00e9e d&#8217;un abat-jour au motif girafe. L&#8217;objet joue sur un d\u00e9calage graphique entre sculpture primitive et curiosit\u00e9 d\u00e9corative.<\/p>\n<\/div><\/div>\n\n\n\n<p class=\"has-accent-4-color has-text-color has-link-color has-medium-font-size wp-elements-cec612df4b310ce3feb77b4093fc89fe\"><em><strong>Elephant Lamp<\/strong> \u2014 Ceramic lamp with instinctive modeling. Its distorted volumes move away from realism to offer a dreamlike vision of the animal.\u00a0Black acrylic paint\u00a0highlights the roughness of the clay and accentuates its singular silhouette. Adorned with a staring glass eye and warthog tusks, the piece is topped with a giraffe-print shade. The object plays on a graphic contrast between primitive sculpture and decorative curiosity.<\/em><\/p>\n\n\n\n<hr class=\"wp-block-separator has-text-color has-contrast-color has-alpha-channel-opacity has-contrast-background-color has-background\" style=\"margin-top:var(--wp--preset--spacing--60);margin-bottom:var(--wp--preset--spacing--60)\"\/>\n\n\n\n<div class=\"wp-block-media-text is-stacked-on-mobile\" style=\"padding-top:0\"><figure class=\"wp-block-media-text__media\"><a href=\"https:\/\/loupaca.com\/wp-content\/uploads\/2026\/03\/IMG_1997-3.png\"><img loading=\"lazy\" decoding=\"async\" width=\"1024\" height=\"768\" src=\"https:\/\/loupaca.com\/wp-content\/uploads\/2026\/03\/IMG_1997-3-1024x768.png\" alt=\"\" class=\"wp-image-266 size-full\" srcset=\"https:\/\/loupaca.com\/wp-content\/uploads\/2026\/03\/IMG_1997-3-1024x768.png 1024w, https:\/\/loupaca.com\/wp-content\/uploads\/2026\/03\/IMG_1997-3-300x225.png 300w, https:\/\/loupaca.com\/wp-content\/uploads\/2026\/03\/IMG_1997-3-768x576.png 768w, https:\/\/loupaca.com\/wp-content\/uploads\/2026\/03\/IMG_1997-3-1536x1152.png 1536w, https:\/\/loupaca.com\/wp-content\/uploads\/2026\/03\/IMG_1997-3.png 2016w\" sizes=\"auto, (max-width: 1024px) 100vw, 1024px\" \/><\/a><\/figure><div class=\"wp-block-media-text__content\">\n<p class=\"has-medium-font-size\"><strong>Le Couple<\/strong> (2025)<\/p>\n\n\n\n<p class=\"has-medium-font-size\">Modelage organique en terre verniss\u00e9e aux tonalit\u00e9s de cuir et de terre cuite. Cette pi\u00e8ce joue sur l&#8217;ambigu\u00eft\u00e9 entre l&#8217;objet et le visage, \u00e9voquant les arts premiers par ses traits sugg\u00e9r\u00e9s et ses \u00e9videments asym\u00e9triques. Une \u0153uvre brute au caract\u00e8re tot\u00e9mique affirm\u00e9.<\/p>\n<\/div><\/div>\n\n\n\n<div class=\"wp-block-media-text is-stacked-on-mobile\"><figure class=\"wp-block-media-text__media\"><a href=\"https:\/\/loupaca.com\/wp-content\/uploads\/2026\/03\/IMG_8352-2.png\"><img loading=\"lazy\" decoding=\"async\" width=\"1024\" height=\"768\" src=\"https:\/\/loupaca.com\/wp-content\/uploads\/2026\/03\/IMG_8352-2-1024x768.png\" alt=\"\" class=\"wp-image-267 size-full\" srcset=\"https:\/\/loupaca.com\/wp-content\/uploads\/2026\/03\/IMG_8352-2-1024x768.png 1024w, https:\/\/loupaca.com\/wp-content\/uploads\/2026\/03\/IMG_8352-2-300x225.png 300w, https:\/\/loupaca.com\/wp-content\/uploads\/2026\/03\/IMG_8352-2-768x576.png 768w, https:\/\/loupaca.com\/wp-content\/uploads\/2026\/03\/IMG_8352-2-1536x1152.png 1536w, https:\/\/loupaca.com\/wp-content\/uploads\/2026\/03\/IMG_8352-2.png 2016w\" sizes=\"auto, (max-width: 1024px) 100vw, 1024px\" \/><\/a><\/figure><div class=\"wp-block-media-text__content\">\n<p class=\"has-medium-font-size\">Modelage instinctif, jouant sur des volumes tourment\u00e9s et des ouvertures asym\u00e9triques. Sa texture lisse et ses teintes terreuses \u00e9voquent une figure primitive saisie dans une expression spontan\u00e9e. Une pi\u00e8ce forte, \u00e0 la fois expressive et \u00e9nigmatique.<\/p>\n<\/div><\/div>\n\n\n\n<p class=\"has-accent-4-color has-text-color has-link-color has-medium-font-size wp-elements-2c9f4a1a07281551bd5abe3680917095\"><em><strong>The Couple<\/strong> \u2014 Organic modeling in glazed earthenware with leather and terracotta tones. This piece plays on the ambiguity between object and face, evoking primal arts through its suggested features and asymmetrical hollows. A raw work with a strong totemic character.<\/em><\/p>\n\n\n\n<p class=\"has-accent-4-color has-text-color has-link-color has-medium-font-size wp-elements-cb6b061c3358019d7f57aadac4b4da7f\"><em>Instinctive modeling, playing with tormented volumes and asymmetrical openings. Its smooth texture and earthy hues evoke a primitive figure captured in a spontaneous expression. A strong piece, at once expressive and enigmatic.<\/em><\/p>\n\n\n\n<hr class=\"wp-block-separator has-text-color has-contrast-color has-alpha-channel-opacity has-contrast-background-color has-background\" style=\"margin-top:var(--wp--preset--spacing--60);margin-bottom:var(--wp--preset--spacing--60)\"\/>\n\n\n\n<div class=\"wp-block-media-text is-stacked-on-mobile\"><figure class=\"wp-block-media-text__media\"><a href=\"https:\/\/loupaca.com\/wp-content\/uploads\/2026\/03\/IMG_1886-3.png\"><img loading=\"lazy\" decoding=\"async\" width=\"768\" height=\"1024\" src=\"https:\/\/loupaca.com\/wp-content\/uploads\/2026\/03\/IMG_1886-3-768x1024.png\" alt=\"\" class=\"wp-image-268 size-full\" srcset=\"https:\/\/loupaca.com\/wp-content\/uploads\/2026\/03\/IMG_1886-3-768x1023.png 768w, https:\/\/loupaca.com\/wp-content\/uploads\/2026\/03\/IMG_1886-3-225x300.png 225w, https:\/\/loupaca.com\/wp-content\/uploads\/2026\/03\/IMG_1886-3-1153x1536.png 1153w, https:\/\/loupaca.com\/wp-content\/uploads\/2026\/03\/IMG_1886-3-1537x2048.png 1537w, https:\/\/loupaca.com\/wp-content\/uploads\/2026\/03\/IMG_1886-3.png 1576w\" sizes=\"auto, (max-width: 768px) 100vw, 768px\" \/><\/a><\/figure><div class=\"wp-block-media-text__content\">\n<p class=\"has-medium-font-size\"><strong>Lampe Hublot<\/strong> (2025)<\/p>\n\n\n\n<p class=\"has-medium-font-size\">Pied en gr\u00e8s anthracite aux lignes organiques et g\u00e9om\u00e9triques, typique de l\u2019esth\u00e9tique des&nbsp;ann\u00e9es 40-50. Le jeu de vide central et le contraste entre la terre brute et la tige en laiton en font une pi\u00e8ce \u00e0 la fois primitive et sophistiqu\u00e9e. Abat-jour en jute naturelle.<\/p>\n<\/div><\/div>\n\n\n\n<p class=\"has-accent-4-color has-text-color has-link-color has-medium-font-size wp-elements-eb5cc01f428fca65e2210c3efe31cace\"><strong><em>Porthole Lamp <\/em><\/strong><em>\u2014 Anthracite stoneware base with organic and geometric lines, typical of the 1940s-50s aesthetic. The play of the central void and the contrast between the raw earth and the brass rod make it a piece that is both primitive and sophisticated. Natural jute lampshade.<\/em><\/p>\n\n\n\n<hr class=\"wp-block-separator has-text-color has-contrast-color has-alpha-channel-opacity has-contrast-background-color has-background\" style=\"margin-top:var(--wp--preset--spacing--60);margin-bottom:var(--wp--preset--spacing--60)\"\/>\n\n\n\n<div class=\"wp-block-media-text is-stacked-on-mobile\"><figure class=\"wp-block-media-text__media\"><a href=\"https:\/\/loupaca.com\/wp-content\/uploads\/2026\/03\/IMG_8563-5.png\"><img loading=\"lazy\" decoding=\"async\" width=\"768\" height=\"1024\" src=\"https:\/\/loupaca.com\/wp-content\/uploads\/2026\/03\/IMG_8563-5-768x1024.png\" alt=\"\" class=\"wp-image-269 size-full\" srcset=\"https:\/\/loupaca.com\/wp-content\/uploads\/2026\/03\/IMG_8563-5-768x1024.png 768w, https:\/\/loupaca.com\/wp-content\/uploads\/2026\/03\/IMG_8563-5-225x300.png 225w, https:\/\/loupaca.com\/wp-content\/uploads\/2026\/03\/IMG_8563-5-1152x1536.png 1152w, https:\/\/loupaca.com\/wp-content\/uploads\/2026\/03\/IMG_8563-5.png 1512w\" sizes=\"auto, (max-width: 768px) 100vw, 768px\" \/><\/a><\/figure><div class=\"wp-block-media-text__content\">\n<p class=\"has-medium-font-size\"><strong>Minotaure<\/strong> (2025)<\/p>\n\n\n\n<p class=\"has-medium-font-size\">Cette \u0153uvre d\u00e9tourne le mythe en pr\u00e9sentant un&nbsp;Minotaure&nbsp;\u00e0 la stature imposante, assis avec une d\u00e9licatesse inattendue sur un&nbsp;petit oiseau. Ce dialogue entre la force brute de la terre et la l\u00e9g\u00e8ret\u00e9 de l&#8217;oiseau invite \u00e0 une r\u00e9flexion sur la vuln\u00e9rabilit\u00e9 et la protection. Une pi\u00e8ce aux accents antiques et \u00e0 la pr\u00e9sence singuli\u00e8re.<\/p>\n<\/div><\/div>\n\n\n\n<p class=\"has-accent-4-color has-text-color has-link-color has-medium-font-size wp-elements-61cfc0715d267cf97c5a52509a86cccf\"><em><strong>Minotaur<\/strong> \u2014 This work subverts the myth by presenting a Minotaur of imposing stature, perched with unexpected delicacy upon a tiny bird. This dialogue between the raw strength of the earth and the lightness of the bird invites reflection on vulnerability and protection. A piece with ancient echoes and a singular presence.<\/em><\/p>\n\n\n\n<hr class=\"wp-block-separator has-text-color has-contrast-color has-alpha-channel-opacity has-contrast-background-color has-background\" style=\"margin-top:var(--wp--preset--spacing--60);margin-bottom:var(--wp--preset--spacing--60)\"\/>\n\n\n\n<div class=\"wp-block-media-text is-stacked-on-mobile\"><figure class=\"wp-block-media-text__media\"><a href=\"https:\/\/loupaca.com\/wp-content\/uploads\/2026\/03\/IMG_8570-4.png\"><img loading=\"lazy\" decoding=\"async\" width=\"768\" height=\"1024\" src=\"https:\/\/loupaca.com\/wp-content\/uploads\/2026\/03\/IMG_8570-4-768x1024.png\" alt=\"\" class=\"wp-image-270 size-full\" srcset=\"https:\/\/loupaca.com\/wp-content\/uploads\/2026\/03\/IMG_8570-4-768x1024.png 768w, https:\/\/loupaca.com\/wp-content\/uploads\/2026\/03\/IMG_8570-4-225x300.png 225w, https:\/\/loupaca.com\/wp-content\/uploads\/2026\/03\/IMG_8570-4-1152x1536.png 1152w, https:\/\/loupaca.com\/wp-content\/uploads\/2026\/03\/IMG_8570-4.png 1512w\" sizes=\"auto, (max-width: 768px) 100vw, 768px\" \/><\/a><\/figure><div class=\"wp-block-media-text__content\">\n<p class=\"has-medium-font-size\"><strong>Photophore en Gr\u00e8s et Peau\u00a0<\/strong>(2025)<\/p>\n\n\n\n<p class=\"has-medium-font-size\">Inspir\u00e9 par l\u2019architecture primitive et le Modernisme des ann\u00e9es 40, ce photophore en gr\u00e8s \u00e9maill\u00e9 s\u2019habille de fen\u00eatres de lumi\u00e8re et d\u2019inserts en peau naturelle. Une fois \u00e9clair\u00e9, la tour diffuse une lumi\u00e8re tamis\u00e9e. Un objet sculptural o\u00f9 le raffinement de l\u2019artisanat rencontre l\u2019aspect sauvage de la mati\u00e8re.<\/p>\n<\/div><\/div>\n\n\n\n<p class=\"has-accent-4-color has-text-color has-link-color has-medium-font-size wp-elements-1e6dc59d75e74aa0b0488bb298941784\"><em><strong>Stoneware and Hide Tealight Holder<\/strong> \u2014 Inspired by primitive architecture and 1940s Modernism, this glazed stoneware tealight holder is adorned with &#8220;windows of light&#8221; and natural hide inserts. Once lit, the tower diffuses a soft, filtered glow. A sculptural object where refined craftsmanship meets the raw, wild nature of the material.<\/em><\/p>\n\n\n\n<hr class=\"wp-block-separator has-text-color has-contrast-color has-alpha-channel-opacity has-contrast-background-color has-background\" style=\"margin-top:var(--wp--preset--spacing--60);margin-bottom:var(--wp--preset--spacing--60)\"\/>\n\n\n\n<div class=\"wp-block-media-text is-stacked-on-mobile\"><figure class=\"wp-block-media-text__media\"><a href=\"https:\/\/loupaca.com\/wp-content\/uploads\/2026\/03\/IMG_0547-2.png\"><img loading=\"lazy\" decoding=\"async\" width=\"768\" height=\"1024\" src=\"https:\/\/loupaca.com\/wp-content\/uploads\/2026\/03\/IMG_0547-2-768x1024.png\" alt=\"\" class=\"wp-image-271 size-full\" srcset=\"https:\/\/loupaca.com\/wp-content\/uploads\/2026\/03\/IMG_0547-2-768x1024.png 768w, https:\/\/loupaca.com\/wp-content\/uploads\/2026\/03\/IMG_0547-2-225x300.png 225w, https:\/\/loupaca.com\/wp-content\/uploads\/2026\/03\/IMG_0547-2-1152x1536.png 1152w, https:\/\/loupaca.com\/wp-content\/uploads\/2026\/03\/IMG_0547-2.png 1512w\" sizes=\"auto, (max-width: 768px) 100vw, 768px\" \/><\/a><\/figure><div class=\"wp-block-media-text__content\">\n<p class=\"has-medium-font-size\"><strong>Singe &#8211;<\/strong> <strong>Nid<\/strong> (2025)<\/p>\n\n\n\n<p class=\"has-medium-font-size\">Cette sculpture en gr\u00e8s aux traits simiesques a \u00e9t\u00e9 con\u00e7ue comme un&nbsp;nid pour accueillir un \u0153uf d&#8217;autruche. Ce singe au modelage brut enserre la coque comme une protection maternelle. Une pi\u00e8ce d&#8217;exception qui sublime cet objet de curiosit\u00e9 naturel en lui offrant un \u00e9crin sculptural unique.<\/p>\n<\/div><\/div>\n\n\n\n<p class=\"has-accent-4-color has-text-color has-link-color has-medium-font-size wp-elements-2771f5f24192b4766e3fe7496c58232f\"><em><strong>Monkey Nest<\/strong> \u2014 This stoneware sculpture with simian features was designed as a nest to cradle an ostrich egg. The monkey, with its raw modeling, encloses the shell in a gesture of maternal protection. An exceptional piece that elevates this natural object of curiosity by offering it a unique sculptural setting.<\/em><\/p>\n","protected":false},"excerpt":{"rendered":"<p>Lampe \u00c9l\u00e9phant (2025) Lampe en c\u00e9ramique au modelage instinctif. Ses volumes distordus s&#8217;\u00e9loignent du r\u00e9alisme pour proposer une vision onirique de l&#8217;animal. La\u00a0peinture acrylique noire\u00a0vient souligner les asp\u00e9rit\u00e9s de la terre et accentuer sa silhouette singuli\u00e8re. Agr\u00e9ment\u00e9e d&#8217;un \u0153il en verre au regard fixe et de dents de phacoch\u00e8re en guise de d\u00e9fenses, la pi\u00e8ce [&hellip;]<\/p>\n","protected":false},"author":1,"featured_media":0,"parent":0,"menu_order":0,"comment_status":"closed","ping_status":"closed","template":"page-no-title","meta":{"footnotes":""},"class_list":["post-55","page","type-page","status-publish","hentry"],"jetpack_sharing_enabled":true,"_links":{"self":[{"href":"https:\/\/loupaca.com\/index.php\/wp-json\/wp\/v2\/pages\/55","targetHints":{"allow":["GET"]}}],"collection":[{"href":"https:\/\/loupaca.com\/index.php\/wp-json\/wp\/v2\/pages"}],"about":[{"href":"https:\/\/loupaca.com\/index.php\/wp-json\/wp\/v2\/types\/page"}],"author":[{"embeddable":true,"href":"https:\/\/loupaca.com\/index.php\/wp-json\/wp\/v2\/users\/1"}],"replies":[{"embeddable":true,"href":"https:\/\/loupaca.com\/index.php\/wp-json\/wp\/v2\/comments?post=55"}],"version-history":[{"count":28,"href":"https:\/\/loupaca.com\/index.php\/wp-json\/wp\/v2\/pages\/55\/revisions"}],"predecessor-version":[{"id":622,"href":"https:\/\/loupaca.com\/index.php\/wp-json\/wp\/v2\/pages\/55\/revisions\/622"}],"wp:attachment":[{"href":"https:\/\/loupaca.com\/index.php\/wp-json\/wp\/v2\/media?parent=55"}],"curies":[{"name":"wp","href":"https:\/\/api.w.org\/{rel}","templated":true}]}}