{"id":120,"date":"2026-03-23T11:28:07","date_gmt":"2026-03-23T11:28:07","guid":{"rendered":"https:\/\/loupaca.com\/?page_id=120"},"modified":"2026-05-03T19:55:35","modified_gmt":"2026-05-03T19:55:35","slug":"loupaca-peinture","status":"publish","type":"page","link":"https:\/\/loupaca.com\/index.php\/loupaca-peinture\/","title":{"rendered":"Peintures"},"content":{"rendered":"\n<div class=\"wp-block-media-text is-stacked-on-mobile\"><figure class=\"wp-block-media-text__media\"><a href=\"http:\/\/loupaca.com\/wp-content\/uploads\/2026\/04\/15c58e60-4396-11f1-a0bf-d3b1294bd723-scaled.jpg\"><img loading=\"lazy\" decoding=\"async\" width=\"1961\" height=\"2560\" src=\"http:\/\/loupaca.com\/wp-content\/uploads\/2026\/04\/15c58e60-4396-11f1-a0bf-d3b1294bd723-scaled.jpg\" alt=\"\" class=\"wp-image-651 size-full\" srcset=\"https:\/\/loupaca.com\/wp-content\/uploads\/2026\/04\/15c58e60-4396-11f1-a0bf-d3b1294bd723-scaled.jpg 1961w, https:\/\/loupaca.com\/wp-content\/uploads\/2026\/04\/15c58e60-4396-11f1-a0bf-d3b1294bd723-230x300.jpg 230w\" sizes=\"auto, (max-width: 1961px) 100vw, 1961px\" \/><\/a><\/figure><div class=\"wp-block-media-text__content\">\n<p class=\"has-medium-font-size\"><strong>Sans Titre<\/strong>, huile sur toile (2026)<\/p>\n\n\n\n<p class=\"has-medium-font-size\">68 x 45 cm<\/p>\n<\/div><\/div>\n\n\n\n<hr class=\"wp-block-separator has-text-color has-contrast-color has-alpha-channel-opacity has-contrast-background-color has-background\" style=\"margin-top:var(--wp--preset--spacing--60);margin-bottom:var(--wp--preset--spacing--60)\"\/>\n\n\n\n<div class=\"wp-block-media-text is-stacked-on-mobile\"><figure class=\"wp-block-media-text__media\"><a href=\"https:\/\/loupaca.com\/wp-content\/uploads\/2026\/04\/2c82eb10-432e-11f1-9ceb-a14172e22c8a.jpg\"><img loading=\"lazy\" decoding=\"async\" width=\"806\" height=\"1024\" src=\"https:\/\/loupaca.com\/wp-content\/uploads\/2026\/04\/2c82eb10-432e-11f1-9ceb-a14172e22c8a-806x1024.jpg\" alt=\"\" class=\"wp-image-652 size-full\" srcset=\"https:\/\/loupaca.com\/wp-content\/uploads\/2026\/04\/2c82eb10-432e-11f1-9ceb-a14172e22c8a-806x1024.jpg 806w, https:\/\/loupaca.com\/wp-content\/uploads\/2026\/04\/2c82eb10-432e-11f1-9ceb-a14172e22c8a-236x300.jpg 236w, https:\/\/loupaca.com\/wp-content\/uploads\/2026\/04\/2c82eb10-432e-11f1-9ceb-a14172e22c8a-768x975.jpg 768w, https:\/\/loupaca.com\/wp-content\/uploads\/2026\/04\/2c82eb10-432e-11f1-9ceb-a14172e22c8a-1210x1536.jpg 1210w, https:\/\/loupaca.com\/wp-content\/uploads\/2026\/04\/2c82eb10-432e-11f1-9ceb-a14172e22c8a-1613x2048.jpg 1613w, https:\/\/loupaca.com\/wp-content\/uploads\/2026\/04\/2c82eb10-432e-11f1-9ceb-a14172e22c8a.jpg 1635w\" sizes=\"auto, (max-width: 806px) 100vw, 806px\" \/><\/a><\/figure><div class=\"wp-block-media-text__content\">\n<p class=\"has-medium-font-size\"><strong>Sans Titre<\/strong>, huile sur toile (2026)<\/p>\n\n\n\n<p class=\"has-medium-font-size\">68 x 45 cm<\/p>\n<\/div><\/div>\n\n\n\n<hr class=\"wp-block-separator has-text-color has-contrast-color has-alpha-channel-opacity has-contrast-background-color has-background\" style=\"margin-top:var(--wp--preset--spacing--60);margin-bottom:var(--wp--preset--spacing--60)\"\/>\n\n\n\n<div class=\"wp-block-media-text is-stacked-on-mobile\" style=\"padding-top:var(--wp--preset--spacing--60)\"><figure class=\"wp-block-media-text__media\"><a href=\"https:\/\/loupaca.com\/wp-content\/uploads\/2026\/03\/IMG_5099-2.jpg\"><img loading=\"lazy\" decoding=\"async\" width=\"829\" height=\"1024\" src=\"https:\/\/loupaca.com\/wp-content\/uploads\/2026\/03\/IMG_5099-2-829x1024.jpg\" alt=\"\" class=\"wp-image-187 size-full\" srcset=\"https:\/\/loupaca.com\/wp-content\/uploads\/2026\/03\/IMG_5099-2-829x1024.jpg 829w, https:\/\/loupaca.com\/wp-content\/uploads\/2026\/03\/IMG_5099-2-243x300.jpg 243w, https:\/\/loupaca.com\/wp-content\/uploads\/2026\/03\/IMG_5099-2-768x948.jpg 768w, https:\/\/loupaca.com\/wp-content\/uploads\/2026\/03\/IMG_5099-2-1244x1536.jpg 1244w, https:\/\/loupaca.com\/wp-content\/uploads\/2026\/03\/IMG_5099-2.jpg 1394w\" sizes=\"auto, (max-width: 829px) 100vw, 829px\" \/><\/a><\/figure><div class=\"wp-block-media-text__content\">\n<p class=\"has-medium-font-size\"><strong>Les Bananes, <\/strong>huile sur toile (2025)<\/p>\n\n\n\n<p class=\"has-medium-font-size\">L\u2019exotisme s\u2019entrelace dans un rythme visuel tropical, presque musical, o\u00f9 les bananes sont au centre de toutes les attentions. Multiples animaux et personnages se fondent et s&#8217;embo\u00eetent dans cette peinture situ\u00e9e entre figuration et abstraction. L&#8217;\u0153uvre capture l&#8217;essence m\u00eame de la mati\u00e8re, transformant des sujets en une exploration complexe de formes. 55 x 73 cm<\/p>\n<\/div><\/div>\n\n\n\n<p class=\"has-accent-4-color has-text-color has-link-color has-medium-font-size wp-elements-5a39d0a0daf79798b345efd69c81385e\"><em><strong>The Bananas<\/strong> \u2014 Oil on canvas (2025). Exoticism intertwines in a tropical, almost musical visual rhythm, where bananas take center stage. Multiple animals and figures blend and interlock in this painting, situated between figuration and abstraction. The work captures the very essence of matter, transforming subjects into a complex exploration of forms. 55 x 73 cm<\/em><\/p>\n\n\n\n<hr class=\"wp-block-separator has-text-color has-contrast-color has-alpha-channel-opacity has-contrast-background-color has-background\" style=\"margin-top:var(--wp--preset--spacing--60);margin-bottom:var(--wp--preset--spacing--60)\"\/>\n\n\n\n<div class=\"wp-block-media-text is-stacked-on-mobile\"><figure class=\"wp-block-media-text__media\"><a href=\"https:\/\/loupaca.com\/wp-content\/uploads\/2026\/03\/IMG_8348-3.jpg\"><img loading=\"lazy\" decoding=\"async\" width=\"841\" height=\"1024\" src=\"https:\/\/loupaca.com\/wp-content\/uploads\/2026\/03\/IMG_8348-3-841x1024.jpg\" alt=\"\" class=\"wp-image-182 size-full\" srcset=\"https:\/\/loupaca.com\/wp-content\/uploads\/2026\/03\/IMG_8348-3-841x1024.jpg 841w, https:\/\/loupaca.com\/wp-content\/uploads\/2026\/03\/IMG_8348-3-246x300.jpg 246w, https:\/\/loupaca.com\/wp-content\/uploads\/2026\/03\/IMG_8348-3-768x935.jpg 768w, https:\/\/loupaca.com\/wp-content\/uploads\/2026\/03\/IMG_8348-3-1261x1536.jpg 1261w, https:\/\/loupaca.com\/wp-content\/uploads\/2026\/03\/IMG_8348-3.jpg 1349w\" sizes=\"auto, (max-width: 841px) 100vw, 841px\" \/><\/a><\/figure><div class=\"wp-block-media-text__content\">\n<p class=\"has-medium-font-size\"><strong>Trafic<\/strong>, huile sur toile (2025)<\/p>\n\n\n\n<p class=\"has-medium-font-size\">Une \u0153uvre symbolique o\u00f9 s&#8217;entrechoquent les d\u00e9rives. Au centre, un visage f\u00e9minin caress\u00e9 par la main d&#8217;un homme. Symboles : des animaux sauvages dont un tigre tu\u00e9 en coiffe, l&#8217;emprise des paradis artificiels et la violence sous-jacente des \u00e9changes ill\u00e9gaux. Entre \u00e9rotisme sugg\u00e9r\u00e9 et chaos, &#8220;Trafic&#8221; explore les narines du monde (tasses de caf\u00e9), l\u00e0 o\u00f9 s&#8217;engouffrent des d\u00e9pendances et de sombres instincts. 46 x 55 cm<\/p>\n<\/div><\/div>\n\n\n\n<p class=\"has-accent-4-color has-text-color has-link-color has-medium-font-size wp-elements-47cea208198a6a0c1c90abe913125a50\"><em><strong>Traffic<\/strong> \u2014 Oil on canvas (2025). A symbolic work where societal drifts collide. At the center, a woman&#8217;s face caressed by a man&#8217;s hand. Symbols: wild animals, including a killed tiger as a headdress, the grip of artificial paradises, and the underlying violence of illegal trades. Between suggested eroticism and chaos, &#8220;Traffic&#8221; explores the world\u2019s nostrils (coffee cups), where addictions and dark instincts engulf themselves. 46 x 55 cm<\/em><\/p>\n\n\n\n<hr class=\"wp-block-separator has-text-color has-contrast-color has-alpha-channel-opacity has-contrast-background-color has-background\" style=\"margin-top:var(--wp--preset--spacing--60);margin-bottom:var(--wp--preset--spacing--60)\"\/>\n\n\n\n<figure class=\"wp-block-image\"><a href=\"https:\/\/loupaca.com\/wp-content\/uploads\/2026\/03\/IMG_5719.jpg\"><img loading=\"lazy\" decoding=\"async\" width=\"1024\" height=\"749\" src=\"https:\/\/loupaca.com\/wp-content\/uploads\/2026\/03\/IMG_5719-1024x749.jpg\" alt=\"\" class=\"wp-image-191\" srcset=\"https:\/\/loupaca.com\/wp-content\/uploads\/2026\/03\/IMG_5719-1024x749.jpg 1024w, https:\/\/loupaca.com\/wp-content\/uploads\/2026\/03\/IMG_5719-300x219.jpg 300w, https:\/\/loupaca.com\/wp-content\/uploads\/2026\/03\/IMG_5719-768x562.jpg 768w, https:\/\/loupaca.com\/wp-content\/uploads\/2026\/03\/IMG_5719-1536x1124.jpg 1536w, https:\/\/loupaca.com\/wp-content\/uploads\/2026\/03\/IMG_5719.jpg 1833w\" sizes=\"auto, (max-width: 1024px) 100vw, 1024px\" \/><\/a><\/figure>\n\n\n\n<p class=\"has-medium-font-size\"><strong>Sieste profonde<\/strong>, huile sur toile (2026)<\/p>\n\n\n\n<p class=\"has-medium-font-size\">Cette composition revisite l&#8217;imagerie du d\u00e9sert avec une force narrative brute. Au centre, la chute de deux animaux sauvages s&#8217;entrem\u00ealent aux jambes d&#8217;un sh\u00e9rif, cr\u00e9ant une tension dramatique. Les symboles de la mort et de la consommation \u2014 le cr\u00e2ne au premier plan et le paquet de cigarettes \u2014 c\u00f4toient le piquant des cactus et le mouvement sinueux d&#8217;un serpent en arri\u00e8re-plan. Sous un ciel terreux, l&#8217;\u0153uvre interroge notre rapport \u00e0 la violence, \u00e0 la nature et aux mythes. Chaque \u00e9l\u00e9ment est d\u00e9limit\u00e9 par ce trait gratt\u00e9 dans la mati\u00e8re, transformant cette sc\u00e8ne de chaos en un puzzle symbolique. dim. 117 x 89 cm<\/p>\n\n\n\n<p class=\"has-accent-4-color has-text-color has-link-color has-medium-font-size wp-elements-31d56b8e085fb9d8dab6418c83b2bc42\"><em><strong>Deep Slumber<\/strong> \u2014 Oil on canvas (2026). This teeming composition revisits desert imagery with raw narrative force. At the center, the fall of two wild animals intertwines with a sheriff&#8217;s legs, creating dramatic tension. Symbols of death and consumption\u2014the skull in the foreground and the cigarette pack\u2014sit alongside the sting of cacti and the sinuous movement of a snake in the background. Beneath an earthy sky, the work questions our relationship with violence, nature, and myths. Each element is defined by a line scratched into the medium, transforming this scene of chaos into a symbolic puzzle. 117 x 89 cm<\/em><\/p>\n\n\n\n<hr class=\"wp-block-separator has-text-color has-contrast-color has-alpha-channel-opacity has-contrast-background-color has-background\" style=\"margin-top:var(--wp--preset--spacing--60);margin-bottom:var(--wp--preset--spacing--60)\"\/>\n\n\n\n<div class=\"wp-block-media-text is-stacked-on-mobile\"><figure class=\"wp-block-media-text__media\"><a href=\"https:\/\/loupaca.com\/wp-content\/uploads\/2026\/03\/IMG_5406.jpg\"><img loading=\"lazy\" decoding=\"async\" width=\"851\" height=\"1024\" src=\"https:\/\/loupaca.com\/wp-content\/uploads\/2026\/03\/IMG_5406-851x1024.jpg\" alt=\"\" class=\"wp-image-192 size-full\" srcset=\"https:\/\/loupaca.com\/wp-content\/uploads\/2026\/03\/IMG_5406-851x1024.jpg 851w, https:\/\/loupaca.com\/wp-content\/uploads\/2026\/03\/IMG_5406-249x300.jpg 249w, https:\/\/loupaca.com\/wp-content\/uploads\/2026\/03\/IMG_5406-768x924.jpg 768w, https:\/\/loupaca.com\/wp-content\/uploads\/2026\/03\/IMG_5406-1277x1536.jpg 1277w, https:\/\/loupaca.com\/wp-content\/uploads\/2026\/03\/IMG_5406.jpg 1434w\" sizes=\"auto, (max-width: 851px) 100vw, 851px\" \/><\/a><\/figure><div class=\"wp-block-media-text__content\">\n<p class=\"has-medium-font-size\"><strong>Le Masque<\/strong> <strong>du chien<\/strong>, huile sur toile (2025)<\/p>\n\n\n\n<p class=\"has-medium-font-size\">Au centre, une main ouverte accueille des bananes et deux \u00e9l\u00e9phants \u2014 dont l&#8217;un est inerte. Par un jeu d&#8217;illusion, cet assemblage dessine les traits d&#8217;une gueule de chien. Le d\u00e9cor aride voit des vautours perch\u00e9s sur un os qui semblent s&#8217;improviser comme un cactus. Leurs regards convergent vers un buffle \u00e0 la jambe bris\u00e9e, proie id\u00e9ale d&#8217;un crocodile \u00e9mergeant du marais. Dans ce chaos de pr\u00e9dation, l&#8217;\u00e9l\u00e9phant principal se dresse en protecteur. Le cycle de la vie et de la mort s&#8217;embo\u00eetent dans une g\u00e9om\u00e9trie implacable. 46 x 55 cm<\/p>\n<\/div><\/div>\n\n\n\n<p class=\"has-accent-4-color has-text-color has-link-color has-medium-font-size wp-elements-e0219a77dc5f710f41bd4645e3595729\"><em><strong>The Dog Mask<\/strong> \u2014 Oil on canvas (2025). At the center, an open hand welcomes bananas and two elephants\u2014one of which is lifeless. Through a play of illusion, this assembly forms the features of a dog&#8217;s snout. The arid setting features vultures perched on a bone, appearing to improvise as a cactus. Their gazes converge on a buffalo with a broken leg, the ideal prey for a crocodile emerging from the swamp. Within this chaos of predation, the main elephant stands as a protector. The cycle of life and death interlocks in an implacable geometry. 46 x 55 cm<\/em><\/p>\n\n\n\n<hr class=\"wp-block-separator has-text-color has-contrast-color has-alpha-channel-opacity has-contrast-background-color has-background\" style=\"margin-top:var(--wp--preset--spacing--60);margin-bottom:var(--wp--preset--spacing--60)\"\/>\n\n\n\n<div class=\"wp-block-media-text is-stacked-on-mobile\"><figure class=\"wp-block-media-text__media\"><a href=\"https:\/\/loupaca.com\/wp-content\/uploads\/2026\/03\/IMG_8350.jpg\"><img loading=\"lazy\" decoding=\"async\" width=\"866\" height=\"1024\" src=\"https:\/\/loupaca.com\/wp-content\/uploads\/2026\/03\/IMG_8350-866x1024.jpg\" alt=\"\" class=\"wp-image-193 size-full\" srcset=\"https:\/\/loupaca.com\/wp-content\/uploads\/2026\/03\/IMG_8350-866x1024.jpg 866w, https:\/\/loupaca.com\/wp-content\/uploads\/2026\/03\/IMG_8350-254x300.jpg 254w, https:\/\/loupaca.com\/wp-content\/uploads\/2026\/03\/IMG_8350-768x908.jpg 768w, https:\/\/loupaca.com\/wp-content\/uploads\/2026\/03\/IMG_8350-1299x1536.jpg 1299w, https:\/\/loupaca.com\/wp-content\/uploads\/2026\/03\/IMG_8350.jpg 1423w\" sizes=\"auto, (max-width: 866px) 100vw, 866px\" \/><\/a><\/figure><div class=\"wp-block-media-text__content\">\n<p class=\"has-medium-font-size\"><strong>Le Masque de l&#8217;El\u00e9phant<\/strong>, huile sur toile (2025)<\/p>\n\n\n\n<p class=\"has-medium-font-size\">Un \u00e9l\u00e9phant aux jambes ficel\u00e9es dessine les contours d&#8217;un masque \u00e0 la bouche dessin\u00e9e par un crocodile, tandis qu&#8217;un oiseau noir surgit comme une larme au coin de l&#8217;\u0153il.<\/p>\n\n\n\n<p class=\"has-medium-font-size\">Ici, chaque forme est un cri muet : l&#8217;entrave des membres inf\u00e9rieurs, la pr\u00e9dation de la m\u00e2choire et l&#8217;oiseau s&#8217;unissent pour r\u00e9v\u00e9ler un visage de souffrance, prisonnier de sa propre structure. 46 x 55 cm<\/p>\n<\/div><\/div>\n\n\n\n<p class=\"has-accent-4-color has-text-color has-link-color has-medium-font-size wp-elements-06d4d6470f383ea9e16ba975e6ef047b\"><em><strong>The Elephant Mask<\/strong> \u2014 Oil on canvas (2025). An elephant with bound legs outlines a mask whose mouth is formed by a crocodile, while a black bird emerges like a tear at the corner of the eye. Here, every shape is a silent cry: the shackled lower limbs, the predation of the jaw, and the bird unite to reveal a face of suffering, a prisoner of its own structure. 46 x 55 cm<\/em><\/p>\n\n\n\n<hr class=\"wp-block-separator has-text-color has-contrast-color has-alpha-channel-opacity has-contrast-background-color has-background\" style=\"margin-top:var(--wp--preset--spacing--60);margin-bottom:var(--wp--preset--spacing--60)\"\/>\n\n\n\n<div class=\"wp-block-media-text is-stacked-on-mobile\"><figure class=\"wp-block-media-text__media\"><a href=\"https:\/\/loupaca.com\/wp-content\/uploads\/2026\/03\/IMG_5928.jpg\"><img loading=\"lazy\" decoding=\"async\" width=\"1024\" height=\"827\" src=\"https:\/\/loupaca.com\/wp-content\/uploads\/2026\/03\/IMG_5928-1024x827.jpg\" alt=\"\" class=\"wp-image-518 size-full\" srcset=\"https:\/\/loupaca.com\/wp-content\/uploads\/2026\/03\/IMG_5928-1024x827.jpg 1024w, https:\/\/loupaca.com\/wp-content\/uploads\/2026\/03\/IMG_5928-300x242.jpg 300w, https:\/\/loupaca.com\/wp-content\/uploads\/2026\/03\/IMG_5928-768x620.jpg 768w, https:\/\/loupaca.com\/wp-content\/uploads\/2026\/03\/IMG_5928-1536x1240.jpg 1536w, https:\/\/loupaca.com\/wp-content\/uploads\/2026\/03\/IMG_5928.jpg 1661w\" sizes=\"auto, (max-width: 1024px) 100vw, 1024px\" \/><\/a><\/figure><div class=\"wp-block-media-text__content\">\n<p class=\"has-medium-font-size\"><strong>Voyage<\/strong>, huile sur toile (2025)<\/p>\n\n\n\n<p class=\"has-medium-font-size\">Un jeune gar\u00e7on \u00e0 casquette rouge tient une ligne qui semble hame\u00e7onn\u00e9e \u00e0 une bou\u00e9e-citron. Elle dessine les contours de la voile d&#8217;un d\u00e9riveur et la gorge d&#8217;un oiseau tropical dont le plumage est un panel de fruits exotiques color\u00e9s. <\/p>\n\n\n\n<p class=\"has-medium-font-size\">Une sc\u00e8ne entre r\u00eave et r\u00e9alit\u00e9, o\u00f9 la nature s&#8217;exprime avec g\u00e9n\u00e9rosit\u00e9. 55 x 46 cm<\/p>\n<\/div><\/div>\n\n\n\n<hr class=\"wp-block-separator has-text-color has-contrast-color has-alpha-channel-opacity has-contrast-background-color has-background\" style=\"margin-top:var(--wp--preset--spacing--60);margin-bottom:var(--wp--preset--spacing--60)\"\/>\n\n\n\n<div class=\"wp-block-media-text is-stacked-on-mobile\"><figure class=\"wp-block-media-text__media\"><a href=\"https:\/\/loupaca.com\/wp-content\/uploads\/2026\/04\/IMG_0082-scaled.jpg\"><img loading=\"lazy\" decoding=\"async\" width=\"804\" height=\"1024\" src=\"https:\/\/loupaca.com\/wp-content\/uploads\/2026\/04\/IMG_0082-804x1024.jpg\" alt=\"\" class=\"wp-image-648 size-full\" srcset=\"https:\/\/loupaca.com\/wp-content\/uploads\/2026\/04\/IMG_0082-804x1024.jpg 804w, https:\/\/loupaca.com\/wp-content\/uploads\/2026\/04\/IMG_0082-235x300.jpg 235w, https:\/\/loupaca.com\/wp-content\/uploads\/2026\/04\/IMG_0082-768x978.jpg 768w, https:\/\/loupaca.com\/wp-content\/uploads\/2026\/04\/IMG_0082-1206x1536.jpg 1206w, https:\/\/loupaca.com\/wp-content\/uploads\/2026\/04\/IMG_0082-1608x2048.jpg 1608w, https:\/\/loupaca.com\/wp-content\/uploads\/2026\/04\/IMG_0082-scaled.jpg 2009w\" sizes=\"auto, (max-width: 804px) 100vw, 804px\" \/><\/a><\/figure><div class=\"wp-block-media-text__content\">\n<p class=\"has-medium-font-size\"><strong>Sans Titre<\/strong>, huile sur toile (2025)<\/p>\n\n\n\n<p class=\"has-medium-font-size\"> 116 x 86 cm<\/p>\n<\/div><\/div>\n\n\n\n<hr class=\"wp-block-separator has-text-color has-contrast-color has-alpha-channel-opacity has-contrast-background-color has-background\" style=\"margin-top:var(--wp--preset--spacing--60);margin-bottom:var(--wp--preset--spacing--60)\"\/>\n\n\n\n<p class=\"has-accent-4-color has-text-color has-link-color has-medium-font-size wp-elements-3ee55b8ebb99048230ab8062e377d8b4\"><em>&#8230;&#8230;&#8230;<\/em><\/p>\n\n\n\n<hr class=\"wp-block-separator has-text-color has-contrast-color has-alpha-channel-opacity has-contrast-background-color has-background\" style=\"margin-top:var(--wp--preset--spacing--60);margin-bottom:var(--wp--preset--spacing--60)\"\/>\n\n\n\n<p class=\"has-accent-4-color has-text-color has-link-color has-medium-font-size wp-elements-c6c8d1ee9524eaf000301e035ef85df5\"><em>&#8230;&#8230;..<\/em><\/p>\n\n\n\n<p><\/p>\n\n\n\n<hr class=\"wp-block-separator has-text-color has-contrast-color has-alpha-channel-opacity has-contrast-background-color has-background\" style=\"margin-top:var(--wp--preset--spacing--60);margin-bottom:var(--wp--preset--spacing--60)\"\/>\n\n\n\n<hr class=\"wp-block-separator has-text-color has-contrast-color has-alpha-channel-opacity has-contrast-background-color has-background\" style=\"margin-top:var(--wp--preset--spacing--60);margin-bottom:var(--wp--preset--spacing--60)\"\/>\n","protected":false},"excerpt":{"rendered":"<p>Sans Titre, huile sur toile (2026) 68 x 45 cm Sans Titre, huile sur toile (2026) 68 x 45 cm Les Bananes, huile sur toile (2025) L\u2019exotisme s\u2019entrelace dans un rythme visuel tropical, presque musical, o\u00f9 les bananes sont au centre de toutes les attentions. Multiples animaux et personnages se fondent et s&#8217;embo\u00eetent dans cette [&hellip;]<\/p>\n","protected":false},"author":1,"featured_media":0,"parent":0,"menu_order":0,"comment_status":"closed","ping_status":"closed","template":"page-no-title","meta":{"footnotes":""},"class_list":["post-120","page","type-page","status-publish","hentry"],"jetpack_sharing_enabled":true,"_links":{"self":[{"href":"https:\/\/loupaca.com\/index.php\/wp-json\/wp\/v2\/pages\/120","targetHints":{"allow":["GET"]}}],"collection":[{"href":"https:\/\/loupaca.com\/index.php\/wp-json\/wp\/v2\/pages"}],"about":[{"href":"https:\/\/loupaca.com\/index.php\/wp-json\/wp\/v2\/types\/page"}],"author":[{"embeddable":true,"href":"https:\/\/loupaca.com\/index.php\/wp-json\/wp\/v2\/users\/1"}],"replies":[{"embeddable":true,"href":"https:\/\/loupaca.com\/index.php\/wp-json\/wp\/v2\/comments?post=120"}],"version-history":[{"count":48,"href":"https:\/\/loupaca.com\/index.php\/wp-json\/wp\/v2\/pages\/120\/revisions"}],"predecessor-version":[{"id":663,"href":"https:\/\/loupaca.com\/index.php\/wp-json\/wp\/v2\/pages\/120\/revisions\/663"}],"wp:attachment":[{"href":"https:\/\/loupaca.com\/index.php\/wp-json\/wp\/v2\/media?parent=120"}],"curies":[{"name":"wp","href":"https:\/\/api.w.org\/{rel}","templated":true}]}}